{"id":7865,"date":"2023-11-30T16:22:05","date_gmt":"2023-11-30T15:22:05","guid":{"rendered":"https:\/\/www.bcs-europe.nl\/product\/niet-gecategoriseerd\/recaro-guard-l\/"},"modified":"2025-02-21T11:01:27","modified_gmt":"2025-02-21T10:01:27","slug":"recaro-guard-l","status":"publish","type":"product","link":"https:\/\/www.bcs-europe.nl\/fr\/produit\/kantoorstoelen\/24-uurs-stoelen\/recaro-guard-l\/","title":{"rendered":"RECARO Guard L"},"content":{"rendered":"","protected":false},"excerpt":{"rendered":"Une chaise 24 heures test\u00e9e (BS5459) est tr\u00e8s diff\u00e9rente d'une chaise de bureau. L'utilisation du si\u00e8ge 24 heures est beaucoup plus intensive que celle d'un si\u00e8ge de bureau. N\u00e9anmoins, RECARO a r\u00e9ussi \u00e0 mettre au point un si\u00e8ge pour ce groupe cible, adapt\u00e9 \u00e0 l'application. Une base sp\u00e9cialement adapt\u00e9e, associ\u00e9e \u00e0 une version sp\u00e9ciale du RECARO Specialist, offre une solution id\u00e9ale pour l'application. Dans tous les cas, le si\u00e8ge est conforme aux normes NEN 1335 et NPR 1813 et a \u00e9galement \u00e9t\u00e9 test\u00e9 par le LGA conform\u00e9ment \u00e0 la norme britannique 5459 pour une utilisation sp\u00e9cifique 24 heures sur 24 et 7 jours sur 7. Naturellement approuv\u00e9 ! La durabilit\u00e9 \u00e0 son meilleur avec les si\u00e8ges RECARO Guard L 24\/7.","protected":false},"featured_media":9824,"template":"","meta":{"_acf_changed":false},"product_brand":[],"product_cat":[129],"product_tag":[],"class_list":{"0":"post-7865","1":"product","2":"type-product","3":"status-publish","4":"has-post-thumbnail","6":"product_cat-24-uurs-stoelen","8":"first","9":"instock","10":"taxable","11":"shipping-taxable","12":"product-type-simple"},"composite_virtual":false,"composite_layout":"","composite_add_to_cart_form_location":"","composite_editable_in_cart":false,"composite_sold_individually_context":"","composite_shop_price_calc":"","composite_components":[],"composite_scenarios":[],"exclude_global_add_ons":[],"addons":[],"acf":[],"yoast_head":null,"yoast_head_json":null,"_links":{"self":[{"href":"https:\/\/www.bcs-europe.nl\/fr\/wp-json\/wp\/v2\/product\/7865","targetHints":{"allow":["GET"]}}],"collection":[{"href":"https:\/\/www.bcs-europe.nl\/fr\/wp-json\/wp\/v2\/product"}],"about":[{"href":"https:\/\/www.bcs-europe.nl\/fr\/wp-json\/wp\/v2\/types\/product"}],"wp:featuredmedia":[{"embeddable":true,"href":"https:\/\/www.bcs-europe.nl\/fr\/wp-json\/wp\/v2\/media\/9824"}],"wp:attachment":[{"href":"https:\/\/www.bcs-europe.nl\/fr\/wp-json\/wp\/v2\/media?parent=7865"}],"wp:term":[{"taxonomy":"product_brand","embeddable":true,"href":"https:\/\/www.bcs-europe.nl\/fr\/wp-json\/wp\/v2\/product_brand?post=7865"},{"taxonomy":"product_cat","embeddable":true,"href":"https:\/\/www.bcs-europe.nl\/fr\/wp-json\/wp\/v2\/product_cat?post=7865"},{"taxonomy":"product_tag","embeddable":true,"href":"https:\/\/www.bcs-europe.nl\/fr\/wp-json\/wp\/v2\/product_tag?post=7865"}],"curies":[{"name":"wp","href":"https:\/\/api.w.org\/{rel}","templated":true}]}}