{"id":7866,"date":"2023-11-30T16:22:08","date_gmt":"2023-11-30T15:22:08","guid":{"rendered":"https:\/\/www.bcs-europe.nl\/product\/niet-gecategoriseerd\/c-6000\/"},"modified":"2024-01-24T09:22:45","modified_gmt":"2024-01-24T08:22:45","slug":"c-6000","status":"publish","type":"product","link":"https:\/\/www.bcs-europe.nl\/fr\/produit\/vrachtwagenstoelen\/c-6000\/","title":{"rendered":"C 6000"},"content":{"rendered":"","protected":false},"excerpt":{"rendered":"Avec le C 6000, un si\u00e8ge de base a \u00e9t\u00e9 lanc\u00e9 sur le march\u00e9 qui, dans de nombreux cas, suffit au conducteur exigeant d'un autobus ou d'un camion. Il s'agit d'un si\u00e8ge soign\u00e9, au rev\u00eatement neutre, qui s'harmonise avec son environnement dans n'importe quelle cabine. Dot\u00e9 d'une technologie de pointe dans le ch\u00e2ssis \u00e0 suspension pneumatique et d'une multitude de possibilit\u00e9s de r\u00e9glage, le si\u00e8ge r\u00e9pond aux besoins quotidiens. Un partenaire fiable pour les ann\u00e9es \u00e0 venir.","protected":false},"featured_media":8369,"template":"","meta":{"_acf_changed":false},"product_brand":[],"product_cat":[133],"product_tag":[],"class_list":{"0":"post-7866","1":"product","2":"type-product","3":"status-publish","4":"has-post-thumbnail","6":"product_cat-vrachtwagenstoelen","8":"first","9":"instock","10":"taxable","11":"shipping-taxable","12":"purchasable","13":"product-type-simple"},"composite_virtual":false,"composite_layout":"","composite_add_to_cart_form_location":"","composite_editable_in_cart":false,"composite_sold_individually_context":"","composite_shop_price_calc":"","composite_components":[],"composite_scenarios":[],"exclude_global_add_ons":[],"addons":[],"acf":[],"yoast_head":null,"yoast_head_json":null,"_links":{"self":[{"href":"https:\/\/www.bcs-europe.nl\/fr\/wp-json\/wp\/v2\/product\/7866","targetHints":{"allow":["GET"]}}],"collection":[{"href":"https:\/\/www.bcs-europe.nl\/fr\/wp-json\/wp\/v2\/product"}],"about":[{"href":"https:\/\/www.bcs-europe.nl\/fr\/wp-json\/wp\/v2\/types\/product"}],"wp:featuredmedia":[{"embeddable":true,"href":"https:\/\/www.bcs-europe.nl\/fr\/wp-json\/wp\/v2\/media\/8369"}],"wp:attachment":[{"href":"https:\/\/www.bcs-europe.nl\/fr\/wp-json\/wp\/v2\/media?parent=7866"}],"wp:term":[{"taxonomy":"product_brand","embeddable":true,"href":"https:\/\/www.bcs-europe.nl\/fr\/wp-json\/wp\/v2\/product_brand?post=7866"},{"taxonomy":"product_cat","embeddable":true,"href":"https:\/\/www.bcs-europe.nl\/fr\/wp-json\/wp\/v2\/product_cat?post=7866"},{"taxonomy":"product_tag","embeddable":true,"href":"https:\/\/www.bcs-europe.nl\/fr\/wp-json\/wp\/v2\/product_tag?post=7866"}],"curies":[{"name":"wp","href":"https:\/\/api.w.org\/{rel}","templated":true}]}}