{"id":7868,"date":"2023-11-30T16:22:09","date_gmt":"2023-11-30T15:22:09","guid":{"rendered":"https:\/\/www.bcs-europe.nl\/product\/niet-gecategoriseerd\/recaro-monza-nova-2-seatfix-reha\/"},"modified":"2024-01-24T09:22:45","modified_gmt":"2024-01-24T08:22:45","slug":"recaro-monza-nova-2-seatfix-reha","status":"publish","type":"product","link":"https:\/\/www.bcs-europe.nl\/fr\/product\/geen-categorie\/recaro-monza-nova-2-seatfix-reha\/","title":{"rendered":"RECARO Monza Nova 2 Seatfix Reha"},"content":{"rendered":"","protected":false},"excerpt":{"rendered":"Technologie de pointe, confort et s\u00e9curit\u00e9 optimale r\u00e9unis dans un beau design. Voici le nouveau RECARO Monza Nova Reha 2. Le si\u00e8ge offre une s\u00e9curit\u00e9 parfaite gr\u00e2ce \u00e0 des \u00e9l\u00e9ments d'absorption d'\u00e9nergie et un confort d'assise maximal gr\u00e2ce \u00e0 un syst\u00e8me de ventilation exclusif. De plus, l'appui-t\u00eate est r\u00e9glable en inclinaison pour une position de sommeil optimale, avec un coussin d'air int\u00e9gr\u00e9 offrant un soutien maximal \u00e0 la t\u00eate. Une autre caract\u00e9ristique pratique est le compartiment de rangement pour un lecteur MP3, par exemple.\n\nEn premi\u00e8re mondiale, le Monza Nova Reha 2 est \u00e9quip\u00e9 d'une fixation de si\u00e8ge ! Le si\u00e8ge peut \u00eatre fix\u00e9 aux points d'attache isofix de la voiture pour une plus grande stabilit\u00e9. ATTENTION : l'utilisation de la ceinture de s\u00e9curit\u00e9 reste obligatoire !!!\n\nPar rapport \u00e0 la version standard, le Monza Nova Reha 2 est \u00e9quip\u00e9 d'un rembourrage lat\u00e9ral suppl\u00e9mentaire, d'un ancrage \u00e0 5 points avec un couvercle pour la boucle de la ceinture de s\u00e9curit\u00e9 et est pr\u00e9par\u00e9 pour divers accessoires. Ces divers accessoires rendent le Recaro Monza Nova Reha 2 encore plus complet. Ils offrent encore plus de stabilit\u00e9, de facilit\u00e9 d'utilisation et de confort pour les parents et l'enfant.","protected":false},"featured_media":8411,"template":"","meta":{"_acf_changed":false},"product_brand":[],"product_cat":[65],"product_tag":[],"class_list":{"0":"post-7868","1":"product","2":"type-product","3":"status-publish","4":"has-post-thumbnail","6":"product_cat-geen-categorie","8":"first","9":"instock","10":"taxable","11":"shipping-taxable","12":"purchasable","13":"product-type-simple"},"composite_virtual":false,"composite_layout":"","composite_add_to_cart_form_location":"","composite_editable_in_cart":false,"composite_sold_individually_context":"","composite_shop_price_calc":"","composite_components":[],"composite_scenarios":[],"exclude_global_add_ons":[],"addons":[],"acf":[],"yoast_head":null,"yoast_head_json":null,"_links":{"self":[{"href":"https:\/\/www.bcs-europe.nl\/fr\/wp-json\/wp\/v2\/product\/7868","targetHints":{"allow":["GET"]}}],"collection":[{"href":"https:\/\/www.bcs-europe.nl\/fr\/wp-json\/wp\/v2\/product"}],"about":[{"href":"https:\/\/www.bcs-europe.nl\/fr\/wp-json\/wp\/v2\/types\/product"}],"wp:featuredmedia":[{"embeddable":true,"href":"https:\/\/www.bcs-europe.nl\/fr\/wp-json\/wp\/v2\/media\/8411"}],"wp:attachment":[{"href":"https:\/\/www.bcs-europe.nl\/fr\/wp-json\/wp\/v2\/media?parent=7868"}],"wp:term":[{"taxonomy":"product_brand","embeddable":true,"href":"https:\/\/www.bcs-europe.nl\/fr\/wp-json\/wp\/v2\/product_brand?post=7868"},{"taxonomy":"product_cat","embeddable":true,"href":"https:\/\/www.bcs-europe.nl\/fr\/wp-json\/wp\/v2\/product_cat?post=7868"},{"taxonomy":"product_tag","embeddable":true,"href":"https:\/\/www.bcs-europe.nl\/fr\/wp-json\/wp\/v2\/product_tag?post=7868"}],"curies":[{"name":"wp","href":"https:\/\/api.w.org\/{rel}","templated":true}]}}