{"id":7869,"date":"2023-11-30T16:22:09","date_gmt":"2023-11-30T15:22:09","guid":{"rendered":"https:\/\/www.bcs-europe.nl\/product\/niet-gecategoriseerd\/recaro-young-sport-hero-reha\/"},"modified":"2024-01-24T09:22:45","modified_gmt":"2024-01-24T08:22:45","slug":"recaro-young-sport-hero-reha","status":"publish","type":"product","link":"https:\/\/www.bcs-europe.nl\/fr\/produit\/geen-categorie\/recaro-young-sport-hero-reha\/","title":{"rendered":"RECARO Young Sport Hero REHA"},"content":{"rendered":"","protected":false},"excerpt":{"rendered":"Recaro Young Sport REHA\nLe nouveau Recaro Young Sport REHA dispose d'un syst\u00e8me de ceinture \u00e0 5 points int\u00e9gr\u00e9 pour les enfants les plus jeunes (groupe I). Si n\u00e9cessaire, la ceinture est amovible et vous pouvez attacher l'enfant \u00e0 l'aide de la ceinture \u00e0 trois points de la voiture. En r\u00e9glant la hauteur du dossier, le syst\u00e8me de ceinture \"grandit\" avec lui. On ne peut pas faire plus pratique !\n\nPar rapport \u00e0 la version standard, le Young Sport Reha est \u00e9quip\u00e9 d'un rembourrage lat\u00e9ral suppl\u00e9mentaire, d'un cache pour la boucle de ceinture et est pr\u00e9vu pour recevoir divers accessoires. Ces divers accessoires rendent le Recaro Young Sport Reha encore plus complet. Ils offrent encore plus de stabilit\u00e9, de facilit\u00e9 d'utilisation et de confort pour les parents et l'enfant.","protected":false},"featured_media":8429,"template":"","meta":{"_acf_changed":false},"product_brand":[],"product_cat":[65],"product_tag":[],"class_list":{"0":"post-7869","1":"product","2":"type-product","3":"status-publish","4":"has-post-thumbnail","6":"product_cat-geen-categorie","8":"first","9":"instock","10":"taxable","11":"shipping-taxable","12":"purchasable","13":"product-type-simple"},"composite_virtual":false,"composite_layout":"","composite_add_to_cart_form_location":"","composite_editable_in_cart":false,"composite_sold_individually_context":"","composite_shop_price_calc":"","composite_components":[],"composite_scenarios":[],"exclude_global_add_ons":[],"addons":[],"acf":[],"yoast_head":null,"yoast_head_json":null,"_links":{"self":[{"href":"https:\/\/www.bcs-europe.nl\/fr\/wp-json\/wp\/v2\/product\/7869","targetHints":{"allow":["GET"]}}],"collection":[{"href":"https:\/\/www.bcs-europe.nl\/fr\/wp-json\/wp\/v2\/product"}],"about":[{"href":"https:\/\/www.bcs-europe.nl\/fr\/wp-json\/wp\/v2\/types\/product"}],"wp:featuredmedia":[{"embeddable":true,"href":"https:\/\/www.bcs-europe.nl\/fr\/wp-json\/wp\/v2\/media\/8429"}],"wp:attachment":[{"href":"https:\/\/www.bcs-europe.nl\/fr\/wp-json\/wp\/v2\/media?parent=7869"}],"wp:term":[{"taxonomy":"product_brand","embeddable":true,"href":"https:\/\/www.bcs-europe.nl\/fr\/wp-json\/wp\/v2\/product_brand?post=7869"},{"taxonomy":"product_cat","embeddable":true,"href":"https:\/\/www.bcs-europe.nl\/fr\/wp-json\/wp\/v2\/product_cat?post=7869"},{"taxonomy":"product_tag","embeddable":true,"href":"https:\/\/www.bcs-europe.nl\/fr\/wp-json\/wp\/v2\/product_tag?post=7869"}],"curies":[{"name":"wp","href":"https:\/\/api.w.org\/{rel}","templated":true}]}}