{"id":7870,"date":"2023-11-30T16:22:09","date_gmt":"2023-11-30T15:22:09","guid":{"rendered":"https:\/\/www.bcs-europe.nl\/product\/niet-gecategoriseerd\/stadion-stoelen\/"},"modified":"2026-01-23T09:07:35","modified_gmt":"2026-01-23T08:07:35","slug":"stadion-stoelen","status":"publish","type":"product","link":"https:\/\/www.bcs-europe.nl\/fr\/product\/stadionstoelen\/stadion-stoelen\/","title":{"rendered":"Si\u00e8ges de stade"},"content":{"rendered":"","protected":false},"excerpt":{"rendered":"La valeur ajout\u00e9e de ce si\u00e8ge de stade sur le banc de r\u00e9serve d'un stade n'a pas tard\u00e9 \u00e0 se manifester. Il est non seulement tr\u00e8s appr\u00e9ci\u00e9 par les joueurs pour son confort, mais aussi par les clubs et les sponsors. Un outil de marketing tr\u00e8s utile qui est aujourd'hui utilis\u00e9 dans un peu moins d'une centaine de stades dans le monde.\r\n\r\nLes si\u00e8ges peuvent \u00eatre livr\u00e9s dans presque toutes les couleurs et imprim\u00e9s avec les logos souhait\u00e9s ; vous recevrez un mod\u00e8le \u00e0 l'avance. Les chaises peuvent \u00eatre livr\u00e9es sur des chariots de trois ou quatre places, \u00e9quip\u00e9s de pneus. Cela signifie que les chaises peuvent \u00eatre conduites sur le terrain et en dehors. Les chariots sont \u00e9galement \u00e9quip\u00e9s d'onduleurs, ce qui permet de raccorder le chauffage \u00e0 une alimentation \u00e9lectrique de 220 volts. Seule l'installation de cette alimentation \u00e9lectrique par le club est n\u00e9cessaire ; le reste est enti\u00e8rement pr\u00eat \u00e0 l'emploi et aucun autre montage n'est n\u00e9cessaire. Bien entendu, les si\u00e8ges peuvent \u00e9galement \u00eatre mont\u00e9s d'une autre mani\u00e8re, mais cela doit d'abord \u00eatre v\u00e9rifi\u00e9 sur place.\r\n\r\nUn investissement unique pour des ann\u00e9es et une am\u00e9lioration du stade avec une exposition fantastique pour le sponsor. L'achat de si\u00e8ges de rechange RECARO vous place dans une belle lign\u00e9e de clubs nationaux et internationaux tels que le Real Madrid, le Bayern Munich, l'Ajax, le PSV et l'AZ.","protected":false},"featured_media":10035,"template":"","meta":{"_acf_changed":false},"product_brand":[],"product_cat":[134],"product_tag":[],"class_list":{"0":"post-7870","1":"product","2":"type-product","3":"status-publish","4":"has-post-thumbnail","6":"product_cat-stadionstoelen","8":"first","9":"instock","10":"taxable","11":"shipping-taxable","12":"purchasable","13":"product-type-simple"},"composite_virtual":false,"composite_layout":"","composite_add_to_cart_form_location":"","composite_editable_in_cart":false,"composite_sold_individually_context":"","composite_shop_price_calc":"","composite_components":[],"composite_scenarios":[],"exclude_global_add_ons":[],"addons":[],"acf":[],"yoast_head":null,"yoast_head_json":null,"_links":{"self":[{"href":"https:\/\/www.bcs-europe.nl\/fr\/wp-json\/wp\/v2\/product\/7870","targetHints":{"allow":["GET"]}}],"collection":[{"href":"https:\/\/www.bcs-europe.nl\/fr\/wp-json\/wp\/v2\/product"}],"about":[{"href":"https:\/\/www.bcs-europe.nl\/fr\/wp-json\/wp\/v2\/types\/product"}],"wp:featuredmedia":[{"embeddable":true,"href":"https:\/\/www.bcs-europe.nl\/fr\/wp-json\/wp\/v2\/media\/10035"}],"wp:attachment":[{"href":"https:\/\/www.bcs-europe.nl\/fr\/wp-json\/wp\/v2\/media?parent=7870"}],"wp:term":[{"taxonomy":"product_brand","embeddable":true,"href":"https:\/\/www.bcs-europe.nl\/fr\/wp-json\/wp\/v2\/product_brand?post=7870"},{"taxonomy":"product_cat","embeddable":true,"href":"https:\/\/www.bcs-europe.nl\/fr\/wp-json\/wp\/v2\/product_cat?post=7870"},{"taxonomy":"product_tag","embeddable":true,"href":"https:\/\/www.bcs-europe.nl\/fr\/wp-json\/wp\/v2\/product_tag?post=7870"}],"curies":[{"name":"wp","href":"https:\/\/api.w.org\/{rel}","templated":true}]}}