{"id":7871,"date":"2023-11-30T16:22:10","date_gmt":"2023-11-30T15:22:10","guid":{"rendered":"https:\/\/www.bcs-europe.nl\/product\/niet-gecategoriseerd\/recaro-speed-star\/"},"modified":"2024-01-24T09:22:46","modified_gmt":"2024-01-24T08:22:46","slug":"recaro-speed-star","status":"publish","type":"product","link":"https:\/\/www.bcs-europe.nl\/fr\/product\/kantoorstoelen\/draaistoelen\/recaro-speed-star\/","title":{"rendered":"RECARO Speed Star"},"content":{"rendered":"","protected":false},"excerpt":{"rendered":"RECARO Speed Star. Il a tout ce dont un si\u00e8ge sportif a besoin : du dynamisme \u00e0 l'\u00e9tat pur ! Avec son nouveau passage de ceinture stylis\u00e9, son coussin d'assise long et plat, son \u00e9pauli\u00e8re et ses supports lat\u00e9raux, le RECARO Speed Star constitue une introduction parfaite au monde des si\u00e8ges design ergonomiques RECARO. En tant que si\u00e8ge d'origine, il r\u00e9pond m\u00eame aux normes de qualit\u00e9 \u00e9lev\u00e9es de l'industrie automobile ! Tout simplement robuste. Simplement confortable. M\u00eame en cas d'utilisation prolong\u00e9e. Un si\u00e8ge pour la vie ! D'ailleurs, si vous \u00eates fan de football, vous avez probablement d\u00e9j\u00e0 remarqu\u00e9 que ses co\u00e9quipiers sont les si\u00e8ges de stade les plus populaires au monde pour les bancs des entra\u00eeneurs, n'est-ce pas ?","protected":false},"featured_media":8495,"template":"","meta":{"_acf_changed":false},"product_brand":[],"product_cat":[130],"product_tag":[],"class_list":{"0":"post-7871","1":"product","2":"type-product","3":"status-publish","4":"has-post-thumbnail","6":"product_cat-draaistoelen","8":"first","9":"instock","10":"taxable","11":"shipping-taxable","12":"purchasable","13":"product-type-simple"},"composite_virtual":false,"composite_layout":"","composite_add_to_cart_form_location":"","composite_editable_in_cart":false,"composite_sold_individually_context":"","composite_shop_price_calc":"","composite_components":[],"composite_scenarios":[],"exclude_global_add_ons":[],"addons":[],"acf":[],"yoast_head":null,"yoast_head_json":null,"_links":{"self":[{"href":"https:\/\/www.bcs-europe.nl\/fr\/wp-json\/wp\/v2\/product\/7871","targetHints":{"allow":["GET"]}}],"collection":[{"href":"https:\/\/www.bcs-europe.nl\/fr\/wp-json\/wp\/v2\/product"}],"about":[{"href":"https:\/\/www.bcs-europe.nl\/fr\/wp-json\/wp\/v2\/types\/product"}],"wp:featuredmedia":[{"embeddable":true,"href":"https:\/\/www.bcs-europe.nl\/fr\/wp-json\/wp\/v2\/media\/8495"}],"wp:attachment":[{"href":"https:\/\/www.bcs-europe.nl\/fr\/wp-json\/wp\/v2\/media?parent=7871"}],"wp:term":[{"taxonomy":"product_brand","embeddable":true,"href":"https:\/\/www.bcs-europe.nl\/fr\/wp-json\/wp\/v2\/product_brand?post=7871"},{"taxonomy":"product_cat","embeddable":true,"href":"https:\/\/www.bcs-europe.nl\/fr\/wp-json\/wp\/v2\/product_cat?post=7871"},{"taxonomy":"product_tag","embeddable":true,"href":"https:\/\/www.bcs-europe.nl\/fr\/wp-json\/wp\/v2\/product_tag?post=7871"}],"curies":[{"name":"wp","href":"https:\/\/api.w.org\/{rel}","templated":true}]}}