{"id":7876,"date":"2023-11-30T16:22:11","date_gmt":"2023-11-30T15:22:11","guid":{"rendered":"https:\/\/www.bcs-europe.nl\/product\/niet-gecategoriseerd\/recaro-atlantic-lt\/"},"modified":"2024-01-24T09:22:47","modified_gmt":"2024-01-24T08:22:47","slug":"recaro-atlantic-lt","status":"publish","type":"product","link":"https:\/\/www.bcs-europe.nl\/fr\/produit\/bootstoelen\/recaro-atlantic-lt\/","title":{"rendered":"RECARO Atlantic LT"},"content":{"rendered":"","protected":false},"excerpt":{"rendered":"Gr\u00e2ce aux pi\u00e8ces lat\u00e9rales du dossier r\u00e9glables individuellement (permettant d'ajuster parfaitement le dossier au conducteur) et au coussin d'assise profond avec de hauts supports lat\u00e9raux, le RECARO Atlantic LT est id\u00e9al pour ceux qui appr\u00e9cient un soutien lat\u00e9ral clairement perceptible pendant la croisi\u00e8re. Le si\u00e8ge a un design sportif.","protected":false},"featured_media":8431,"template":"","meta":{"_acf_changed":false},"product_brand":[],"product_cat":[131],"product_tag":[],"class_list":{"0":"post-7876","1":"product","2":"type-product","3":"status-publish","4":"has-post-thumbnail","6":"product_cat-bootstoelen","8":"first","9":"instock","10":"taxable","11":"shipping-taxable","12":"purchasable","13":"product-type-simple"},"composite_virtual":false,"composite_layout":"","composite_add_to_cart_form_location":"","composite_editable_in_cart":false,"composite_sold_individually_context":"","composite_shop_price_calc":"","composite_components":[],"composite_scenarios":[],"exclude_global_add_ons":[],"addons":[],"acf":[],"yoast_head":null,"yoast_head_json":null,"_links":{"self":[{"href":"https:\/\/www.bcs-europe.nl\/fr\/wp-json\/wp\/v2\/product\/7876","targetHints":{"allow":["GET"]}}],"collection":[{"href":"https:\/\/www.bcs-europe.nl\/fr\/wp-json\/wp\/v2\/product"}],"about":[{"href":"https:\/\/www.bcs-europe.nl\/fr\/wp-json\/wp\/v2\/types\/product"}],"wp:featuredmedia":[{"embeddable":true,"href":"https:\/\/www.bcs-europe.nl\/fr\/wp-json\/wp\/v2\/media\/8431"}],"wp:attachment":[{"href":"https:\/\/www.bcs-europe.nl\/fr\/wp-json\/wp\/v2\/media?parent=7876"}],"wp:term":[{"taxonomy":"product_brand","embeddable":true,"href":"https:\/\/www.bcs-europe.nl\/fr\/wp-json\/wp\/v2\/product_brand?post=7876"},{"taxonomy":"product_cat","embeddable":true,"href":"https:\/\/www.bcs-europe.nl\/fr\/wp-json\/wp\/v2\/product_cat?post=7876"},{"taxonomy":"product_tag","embeddable":true,"href":"https:\/\/www.bcs-europe.nl\/fr\/wp-json\/wp\/v2\/product_tag?post=7876"}],"curies":[{"name":"wp","href":"https:\/\/api.w.org\/{rel}","templated":true}]}}