{"id":7877,"date":"2023-11-30T16:22:12","date_gmt":"2023-11-30T15:22:12","guid":{"rendered":"https:\/\/www.bcs-europe.nl\/product\/niet-gecategoriseerd\/recaro-atlantic-outdoor\/"},"modified":"2024-01-24T09:22:47","modified_gmt":"2024-01-24T08:22:47","slug":"recaro-atlantic-outdoor","status":"publish","type":"product","link":"https:\/\/www.bcs-europe.nl\/fr\/product\/bootstoelen\/recaro-atlantic-outdoor\/","title":{"rendered":"RECARO Atlantic Outdoor"},"content":{"rendered":"","protected":false},"excerpt":{"rendered":"Ce magnifique si\u00e8ge RECARO Atlantic Outdoor est sp\u00e9cialement con\u00e7u pour les bateaux ouverts. Destin\u00e9 \u00e0 une utilisation tout temps, ce si\u00e8ge en cuir ska\u00ef blanc est la solution parfaite contre toutes les conditions m\u00e9t\u00e9orologiques. Le rev\u00eatement en cuir ska\u00ef blanc donne un aspect luxueux \u00e0 votre bateau.","protected":false},"featured_media":8507,"template":"","meta":{"_acf_changed":false},"product_brand":[],"product_cat":[131],"product_tag":[],"class_list":{"0":"post-7877","1":"product","2":"type-product","3":"status-publish","4":"has-post-thumbnail","6":"product_cat-bootstoelen","8":"first","9":"instock","10":"taxable","11":"shipping-taxable","12":"purchasable","13":"product-type-simple"},"composite_virtual":false,"composite_layout":"","composite_add_to_cart_form_location":"","composite_editable_in_cart":false,"composite_sold_individually_context":"","composite_shop_price_calc":"","composite_components":[],"composite_scenarios":[],"exclude_global_add_ons":[],"addons":[],"acf":[],"yoast_head":null,"yoast_head_json":null,"_links":{"self":[{"href":"https:\/\/www.bcs-europe.nl\/fr\/wp-json\/wp\/v2\/product\/7877","targetHints":{"allow":["GET"]}}],"collection":[{"href":"https:\/\/www.bcs-europe.nl\/fr\/wp-json\/wp\/v2\/product"}],"about":[{"href":"https:\/\/www.bcs-europe.nl\/fr\/wp-json\/wp\/v2\/types\/product"}],"wp:featuredmedia":[{"embeddable":true,"href":"https:\/\/www.bcs-europe.nl\/fr\/wp-json\/wp\/v2\/media\/8507"}],"wp:attachment":[{"href":"https:\/\/www.bcs-europe.nl\/fr\/wp-json\/wp\/v2\/media?parent=7877"}],"wp:term":[{"taxonomy":"product_brand","embeddable":true,"href":"https:\/\/www.bcs-europe.nl\/fr\/wp-json\/wp\/v2\/product_brand?post=7877"},{"taxonomy":"product_cat","embeddable":true,"href":"https:\/\/www.bcs-europe.nl\/fr\/wp-json\/wp\/v2\/product_cat?post=7877"},{"taxonomy":"product_tag","embeddable":true,"href":"https:\/\/www.bcs-europe.nl\/fr\/wp-json\/wp\/v2\/product_tag?post=7877"}],"curies":[{"name":"wp","href":"https:\/\/api.w.org\/{rel}","templated":true}]}}