{"id":7885,"date":"2023-11-30T16:22:14","date_gmt":"2023-11-30T15:22:14","guid":{"rendered":"https:\/\/www.bcs-europe.nl\/product\/niet-gecategoriseerd\/x-craft-competition\/"},"modified":"2024-01-24T09:22:48","modified_gmt":"2024-01-24T08:22:48","slug":"x-craft-competition","status":"publish","type":"product","link":"https:\/\/www.bcs-europe.nl\/fr\/produit\/bootstoelen\/x-craft-competition\/","title":{"rendered":"Comp\u00e9tition X-Craft"},"content":{"rendered":"","protected":false},"excerpt":{"rendered":"Le si\u00e8ge X-Craft Competition est sp\u00e9cialement con\u00e7u pour les \u00e9quipes de course de bateaux \u00e0 moteur Offshore \u00e0 la recherche du facteur gagnant. Ce si\u00e8ge absorbeur de chocs extr\u00eamement solide att\u00e9nue les coups durs sur l'eau pour le pilote et son \u00e9quipage. Il leur permet de mieux se concentrer sur la course et la vitesse. Il offre \u00e9galement plus de contr\u00f4le et de confort. Disponible en diff\u00e9rents mod\u00e8les, le si\u00e8ge baquet minimise les mouvements lat\u00e9raux du corps pendant la course.\n\nLe si\u00e8ge est mont\u00e9 dans le cadre via le syst\u00e8me d'amortisseurs \u00e0 course courte de 110 mm de X-Craft et peut donc \u00eatre mont\u00e9 tr\u00e8s bas dans le cockpit. Une course de 160 mm est \u00e9galement disponible sur demande. Toutes les pi\u00e8ces m\u00e9talliques sont en aluminium r\u00e9sistant \u00e0 l'eau de mer. Elles sont recouvertes d'un rev\u00eatement en poudre ou anodis\u00e9es, selon le souhait du client. Le syst\u00e8me d'amortisseurs progressifs de X-Craft est d\u00e9crit par les principaux pilotes comme \"le meilleur du secteur\" et ils d\u00e9crivent la croisi\u00e8re avec les si\u00e8ges X-Craft comme un voyage \u00e0 travers les nuages.","protected":false},"featured_media":8370,"template":"","meta":{"_acf_changed":false},"product_brand":[],"product_cat":[131],"product_tag":[],"class_list":{"0":"post-7885","1":"product","2":"type-product","3":"status-publish","4":"has-post-thumbnail","6":"product_cat-bootstoelen","8":"first","9":"instock","10":"taxable","11":"shipping-taxable","12":"purchasable","13":"product-type-simple"},"composite_virtual":false,"composite_layout":"","composite_add_to_cart_form_location":"","composite_editable_in_cart":false,"composite_sold_individually_context":"","composite_shop_price_calc":"","composite_components":[],"composite_scenarios":[],"exclude_global_add_ons":[],"addons":[],"acf":[],"yoast_head":null,"yoast_head_json":null,"_links":{"self":[{"href":"https:\/\/www.bcs-europe.nl\/fr\/wp-json\/wp\/v2\/product\/7885","targetHints":{"allow":["GET"]}}],"collection":[{"href":"https:\/\/www.bcs-europe.nl\/fr\/wp-json\/wp\/v2\/product"}],"about":[{"href":"https:\/\/www.bcs-europe.nl\/fr\/wp-json\/wp\/v2\/types\/product"}],"wp:featuredmedia":[{"embeddable":true,"href":"https:\/\/www.bcs-europe.nl\/fr\/wp-json\/wp\/v2\/media\/8370"}],"wp:attachment":[{"href":"https:\/\/www.bcs-europe.nl\/fr\/wp-json\/wp\/v2\/media?parent=7885"}],"wp:term":[{"taxonomy":"product_brand","embeddable":true,"href":"https:\/\/www.bcs-europe.nl\/fr\/wp-json\/wp\/v2\/product_brand?post=7885"},{"taxonomy":"product_cat","embeddable":true,"href":"https:\/\/www.bcs-europe.nl\/fr\/wp-json\/wp\/v2\/product_cat?post=7885"},{"taxonomy":"product_tag","embeddable":true,"href":"https:\/\/www.bcs-europe.nl\/fr\/wp-json\/wp\/v2\/product_tag?post=7885"}],"curies":[{"name":"wp","href":"https:\/\/api.w.org\/{rel}","templated":true}]}}