{"id":7903,"date":"2023-11-30T16:22:21","date_gmt":"2023-11-30T15:22:21","guid":{"rendered":"https:\/\/www.bcs-europe.nl\/product\/niet-gecategoriseerd\/carbon-elektrische-stoelzuil\/"},"modified":"2024-01-24T09:22:51","modified_gmt":"2024-01-24T08:22:51","slug":"carbon-elektrische-stoelzuil","status":"publish","type":"product","link":"https:\/\/www.bcs-europe.nl\/fr\/product\/accessoires\/carbon-elektrische-stoelzuil\/","title":{"rendered":"Colonne de chaise \u00e9lectrique en carbone"},"content":{"rendered":"","protected":false},"excerpt":{"rendered":"Colonne de fauteuil \u00e9lectrique en carbone \u00e9quip\u00e9e d'un bo\u00eetier en fibre de carbone de conception moderne. Le socle a une hauteur minimale de 350 mm et une course de 400 mm. Gr\u00e2ce \u00e0 ce socle, il est possible de faire passer les c\u00e2bles \u00e0 l'abri des regards. Le socle peut \u00eatre mont\u00e9 directement sur le sol ou sur un rail multiple.","protected":false},"featured_media":8509,"template":"","meta":{"_acf_changed":false},"product_brand":[],"product_cat":[135],"product_tag":[],"class_list":{"0":"post-7903","1":"product","2":"type-product","3":"status-publish","4":"has-post-thumbnail","6":"product_cat-accessoires","8":"first","9":"instock","10":"taxable","11":"shipping-taxable","12":"purchasable","13":"product-type-simple"},"composite_virtual":false,"composite_layout":"","composite_add_to_cart_form_location":"","composite_editable_in_cart":false,"composite_sold_individually_context":"","composite_shop_price_calc":"","composite_components":[],"composite_scenarios":[],"exclude_global_add_ons":[],"addons":[],"acf":[],"yoast_head":null,"yoast_head_json":null,"_links":{"self":[{"href":"https:\/\/www.bcs-europe.nl\/fr\/wp-json\/wp\/v2\/product\/7903","targetHints":{"allow":["GET"]}}],"collection":[{"href":"https:\/\/www.bcs-europe.nl\/fr\/wp-json\/wp\/v2\/product"}],"about":[{"href":"https:\/\/www.bcs-europe.nl\/fr\/wp-json\/wp\/v2\/types\/product"}],"wp:featuredmedia":[{"embeddable":true,"href":"https:\/\/www.bcs-europe.nl\/fr\/wp-json\/wp\/v2\/media\/8509"}],"wp:attachment":[{"href":"https:\/\/www.bcs-europe.nl\/fr\/wp-json\/wp\/v2\/media?parent=7903"}],"wp:term":[{"taxonomy":"product_brand","embeddable":true,"href":"https:\/\/www.bcs-europe.nl\/fr\/wp-json\/wp\/v2\/product_brand?post=7903"},{"taxonomy":"product_cat","embeddable":true,"href":"https:\/\/www.bcs-europe.nl\/fr\/wp-json\/wp\/v2\/product_cat?post=7903"},{"taxonomy":"product_tag","embeddable":true,"href":"https:\/\/www.bcs-europe.nl\/fr\/wp-json\/wp\/v2\/product_tag?post=7903"}],"curies":[{"name":"wp","href":"https:\/\/api.w.org\/{rel}","templated":true}]}}