{"id":7905,"date":"2023-11-30T16:22:22","date_gmt":"2023-11-30T15:22:22","guid":{"rendered":"https:\/\/www.bcs-europe.nl\/product\/niet-gecategoriseerd\/hydromar-hd-cilinder\/"},"modified":"2024-01-24T09:22:51","modified_gmt":"2024-01-24T08:22:51","slug":"hydromar-hd-cilinder","status":"publish","type":"product","link":"https:\/\/www.bcs-europe.nl\/fr\/product\/accessoires\/hydromar-hd-cilinder\/","title":{"rendered":"Cylindre Hydromar HD"},"content":{"rendered":"","protected":false},"excerpt":{"rendered":"Le HYDROMAR HD CILINDER est un v\u00e9rin hydraulique de conception robuste. Le v\u00e9rin a une course de 200 mm. La hauteur minimale du v\u00e9rin est de 365 mm.\nLes brides de base en acier inoxydable sont disponibles dans des hauteurs de 50, 100, 150, 200, 250, 300 mm.\nLa p\u00e9dale est utilis\u00e9e pour lever, abaisser et bloquer la rotation de la chaise\nLes brides inf\u00e9rieures sont fabriqu\u00e9es de mani\u00e8re \u00e0 pouvoir \u00eatre facilement plac\u00e9es sur un Multi-Rail.","protected":false},"featured_media":8501,"template":"","meta":{"_acf_changed":false},"product_brand":[],"product_cat":[135],"product_tag":[],"class_list":{"0":"post-7905","1":"product","2":"type-product","3":"status-publish","4":"has-post-thumbnail","6":"product_cat-accessoires","8":"first","9":"instock","10":"taxable","11":"shipping-taxable","12":"purchasable","13":"product-type-simple"},"composite_virtual":false,"composite_layout":"","composite_add_to_cart_form_location":"","composite_editable_in_cart":false,"composite_sold_individually_context":"","composite_shop_price_calc":"","composite_components":[],"composite_scenarios":[],"exclude_global_add_ons":[],"addons":[],"acf":[],"yoast_head":null,"yoast_head_json":null,"_links":{"self":[{"href":"https:\/\/www.bcs-europe.nl\/fr\/wp-json\/wp\/v2\/product\/7905","targetHints":{"allow":["GET"]}}],"collection":[{"href":"https:\/\/www.bcs-europe.nl\/fr\/wp-json\/wp\/v2\/product"}],"about":[{"href":"https:\/\/www.bcs-europe.nl\/fr\/wp-json\/wp\/v2\/types\/product"}],"wp:featuredmedia":[{"embeddable":true,"href":"https:\/\/www.bcs-europe.nl\/fr\/wp-json\/wp\/v2\/media\/8501"}],"wp:attachment":[{"href":"https:\/\/www.bcs-europe.nl\/fr\/wp-json\/wp\/v2\/media?parent=7905"}],"wp:term":[{"taxonomy":"product_brand","embeddable":true,"href":"https:\/\/www.bcs-europe.nl\/fr\/wp-json\/wp\/v2\/product_brand?post=7905"},{"taxonomy":"product_cat","embeddable":true,"href":"https:\/\/www.bcs-europe.nl\/fr\/wp-json\/wp\/v2\/product_cat?post=7905"},{"taxonomy":"product_tag","embeddable":true,"href":"https:\/\/www.bcs-europe.nl\/fr\/wp-json\/wp\/v2\/product_tag?post=7905"}],"curies":[{"name":"wp","href":"https:\/\/api.w.org\/{rel}","templated":true}]}}