{"id":7909,"date":"2023-11-30T16:22:23","date_gmt":"2023-11-30T15:22:23","guid":{"rendered":"https:\/\/www.bcs-europe.nl\/product\/niet-gecategoriseerd\/multi-rail-systeem\/"},"modified":"2024-01-24T09:22:52","modified_gmt":"2024-01-24T08:22:52","slug":"multi-rail-systeem","status":"publish","type":"product","link":"https:\/\/www.bcs-europe.nl\/fr\/product\/accessoires\/multi-rail-systeem\/","title":{"rendered":"Syst\u00e8me multirail"},"content":{"rendered":"","protected":false},"excerpt":{"rendered":"Le syst\u00e8me Multi-Rail peut \u00eatre utilis\u00e9 dans n'importe quel type de timonerie et peut \u00eatre enti\u00e8rement personnalis\u00e9 si n\u00e9cessaire. En standard, le Multi-Rail est disponible en longueurs de 1 000, 1 200, 1 500 et 2 000 mm. La longueur maximale est de 6 000 mm. Le Multi-Rail convient pour une installation encastr\u00e9e, mais il peut \u00e9galement \u00eatre utilis\u00e9 comme rail en saillie en utilisant le bord en saillie et les diff\u00e9rentes plaques interm\u00e9diaires. En standard, le Multi-Rail est actionn\u00e9 manuellement et peut \u00eatre bloqu\u00e9 dans n'importe quelle position souhait\u00e9e \u00e0 l'aide d'un frein. Le Multi-Rail est \u00e9galement disponible en version \u00e9lectrique pour 24 volts. Il est possible d'utiliser plusieurs chariots par rail, de sorte que plusieurs chaises peuvent utiliser le m\u00eame Multi-Rail.","protected":false},"featured_media":8488,"template":"","meta":{"_acf_changed":false},"product_brand":[],"product_cat":[135],"product_tag":[],"class_list":{"0":"post-7909","1":"product","2":"type-product","3":"status-publish","4":"has-post-thumbnail","6":"product_cat-accessoires","8":"first","9":"instock","10":"taxable","11":"shipping-taxable","12":"purchasable","13":"product-type-simple"},"composite_virtual":false,"composite_layout":"","composite_add_to_cart_form_location":"","composite_editable_in_cart":false,"composite_sold_individually_context":"","composite_shop_price_calc":"","composite_components":[],"composite_scenarios":[],"exclude_global_add_ons":[],"addons":[],"acf":[],"yoast_head":null,"yoast_head_json":null,"_links":{"self":[{"href":"https:\/\/www.bcs-europe.nl\/fr\/wp-json\/wp\/v2\/product\/7909","targetHints":{"allow":["GET"]}}],"collection":[{"href":"https:\/\/www.bcs-europe.nl\/fr\/wp-json\/wp\/v2\/product"}],"about":[{"href":"https:\/\/www.bcs-europe.nl\/fr\/wp-json\/wp\/v2\/types\/product"}],"wp:featuredmedia":[{"embeddable":true,"href":"https:\/\/www.bcs-europe.nl\/fr\/wp-json\/wp\/v2\/media\/8488"}],"wp:attachment":[{"href":"https:\/\/www.bcs-europe.nl\/fr\/wp-json\/wp\/v2\/media?parent=7909"}],"wp:term":[{"taxonomy":"product_brand","embeddable":true,"href":"https:\/\/www.bcs-europe.nl\/fr\/wp-json\/wp\/v2\/product_brand?post=7909"},{"taxonomy":"product_cat","embeddable":true,"href":"https:\/\/www.bcs-europe.nl\/fr\/wp-json\/wp\/v2\/product_cat?post=7909"},{"taxonomy":"product_tag","embeddable":true,"href":"https:\/\/www.bcs-europe.nl\/fr\/wp-json\/wp\/v2\/product_tag?post=7909"}],"curies":[{"name":"wp","href":"https:\/\/api.w.org\/{rel}","templated":true}]}}