{"id":9704,"date":"2024-11-29T09:20:31","date_gmt":"2024-11-29T08:20:31","guid":{"rendered":"https:\/\/www.bcs-europe.nl\/?post_type=product&#038;p=9704"},"modified":"2024-12-06T10:16:38","modified_gmt":"2024-12-06T09:16:38","slug":"atech-racing-target","status":"publish","type":"product","link":"https:\/\/www.bcs-europe.nl\/fr\/produit\/autostoelen\/racekuipen-atech-racing\/atech-racing-target\/","title":{"rendered":"Atech Racing TARGET"},"content":{"rendered":"","protected":false},"excerpt":{"rendered":"- Coque en fibre de verre g\u00e9lifi\u00e9eSelle Atech Racing Taille Large\r\n- Coque profil\u00e9e avec ASS (Anatomic Shell System)\r\n- Nouvelle fente pour ceinture fix\u00e9e \u00e0 la coque\r\n- Rev\u00eatement en velours\r\n- Inserts techniques\r\n- Coussin antid\u00e9rapant pr\u00e9form\u00e9 pour faciliter l'utilisation de la selle\r\n- 5 ouvertures pour la ceinture\r\n- Fixation lat\u00e9rale\r\n- Convient \u00e0 Hans\r\n- Poids 7,2 kg\r\nLe si\u00e8ge de course Target d'Atech Racing offre les meilleures performances, est appr\u00e9ci\u00e9 pour son utilisation polyvalente, offre un tr\u00e8s bon confort et, \u00e9tant donn\u00e9 qu'il s'agit d'un si\u00e8ge non ail\u00e9, il peut \u00eatre utilis\u00e9 dans des cockpits tr\u00e8s \u00e9troits.","protected":false},"featured_media":9770,"template":"","meta":{"_acf_changed":false},"product_brand":[194],"product_cat":[191],"product_tag":[192,193],"class_list":{"0":"post-9704","1":"product","2":"type-product","3":"status-publish","4":"has-post-thumbnail","6":"product_brand-a-tech-racing","7":"product_cat-racekuipen-atech-racing","8":"product_tag-atech","9":"product_tag-motorsport","11":"first","12":"instock","13":"taxable","14":"shipping-taxable","15":"purchasable","16":"product-type-simple"},"composite_virtual":false,"composite_layout":"","composite_add_to_cart_form_location":"","composite_editable_in_cart":false,"composite_sold_individually_context":"","composite_shop_price_calc":"","composite_components":[],"composite_scenarios":[],"exclude_global_add_ons":[],"addons":[],"acf":[],"yoast_head":null,"yoast_head_json":null,"_links":{"self":[{"href":"https:\/\/www.bcs-europe.nl\/fr\/wp-json\/wp\/v2\/product\/9704","targetHints":{"allow":["GET"]}}],"collection":[{"href":"https:\/\/www.bcs-europe.nl\/fr\/wp-json\/wp\/v2\/product"}],"about":[{"href":"https:\/\/www.bcs-europe.nl\/fr\/wp-json\/wp\/v2\/types\/product"}],"wp:featuredmedia":[{"embeddable":true,"href":"https:\/\/www.bcs-europe.nl\/fr\/wp-json\/wp\/v2\/media\/9770"}],"wp:attachment":[{"href":"https:\/\/www.bcs-europe.nl\/fr\/wp-json\/wp\/v2\/media?parent=9704"}],"wp:term":[{"taxonomy":"product_brand","embeddable":true,"href":"https:\/\/www.bcs-europe.nl\/fr\/wp-json\/wp\/v2\/product_brand?post=9704"},{"taxonomy":"product_cat","embeddable":true,"href":"https:\/\/www.bcs-europe.nl\/fr\/wp-json\/wp\/v2\/product_cat?post=9704"},{"taxonomy":"product_tag","embeddable":true,"href":"https:\/\/www.bcs-europe.nl\/fr\/wp-json\/wp\/v2\/product_tag?post=9704"}],"curies":[{"name":"wp","href":"https:\/\/api.w.org\/{rel}","templated":true}]}}