{"id":9711,"date":"2024-11-29T09:25:16","date_gmt":"2024-11-29T08:25:16","guid":{"rendered":"https:\/\/www.bcs-europe.nl\/?post_type=product&#038;p=9711"},"modified":"2024-12-06T10:22:41","modified_gmt":"2024-12-06T09:22:41","slug":"atech-racing-extreme-s2","status":"publish","type":"product","link":"https:\/\/www.bcs-europe.nl\/fr\/produit\/autostoelen\/racekuipen-atech-racing\/atech-racing-extreme-s2\/","title":{"rendered":"Atech Racing EXTREME S2"},"content":{"rendered":"","protected":false},"excerpt":{"rendered":"- Car\u00e9nage en fibre de verre enduit de gel\r\n- Protection lat\u00e9rale de la t\u00eate (si\u00e8ge \u00e0 ailettes)\r\n- Coque profil\u00e9e avec ASS (Anatomic Shell System)\r\n- Nouvelle fente de ceinture fix\u00e9e \u00e0 la coque\r\n- Rev\u00eatement en velours\r\n- Inserts techniques\r\n- Coussin antid\u00e9rapant\r\n- 5 ouvertures pour la ceinture\r\n- Fixation lat\u00e9rale\r\n- Convient \u00e0 Hans\r\n- Poids 8,2 kg\r\n\r\nLa selle de course Extreme S2 d'Atech est profil\u00e9e pour s'adapter aux cockpits extr\u00eamement restreints. Elle convient aux coureurs jusqu'\u00e0 180 cm.","protected":false},"featured_media":9776,"template":"","meta":{"_acf_changed":false},"product_brand":[194],"product_cat":[191],"product_tag":[192,193],"class_list":{"0":"post-9711","1":"product","2":"type-product","3":"status-publish","4":"has-post-thumbnail","6":"product_brand-a-tech-racing","7":"product_cat-racekuipen-atech-racing","8":"product_tag-atech","9":"product_tag-motorsport","11":"first","12":"instock","13":"taxable","14":"shipping-taxable","15":"purchasable","16":"product-type-simple"},"composite_virtual":false,"composite_layout":"","composite_add_to_cart_form_location":"","composite_editable_in_cart":false,"composite_sold_individually_context":"","composite_shop_price_calc":"","composite_components":[],"composite_scenarios":[],"exclude_global_add_ons":[],"addons":[],"acf":[],"yoast_head":null,"yoast_head_json":null,"_links":{"self":[{"href":"https:\/\/www.bcs-europe.nl\/fr\/wp-json\/wp\/v2\/product\/9711","targetHints":{"allow":["GET"]}}],"collection":[{"href":"https:\/\/www.bcs-europe.nl\/fr\/wp-json\/wp\/v2\/product"}],"about":[{"href":"https:\/\/www.bcs-europe.nl\/fr\/wp-json\/wp\/v2\/types\/product"}],"wp:featuredmedia":[{"embeddable":true,"href":"https:\/\/www.bcs-europe.nl\/fr\/wp-json\/wp\/v2\/media\/9776"}],"wp:attachment":[{"href":"https:\/\/www.bcs-europe.nl\/fr\/wp-json\/wp\/v2\/media?parent=9711"}],"wp:term":[{"taxonomy":"product_brand","embeddable":true,"href":"https:\/\/www.bcs-europe.nl\/fr\/wp-json\/wp\/v2\/product_brand?post=9711"},{"taxonomy":"product_cat","embeddable":true,"href":"https:\/\/www.bcs-europe.nl\/fr\/wp-json\/wp\/v2\/product_cat?post=9711"},{"taxonomy":"product_tag","embeddable":true,"href":"https:\/\/www.bcs-europe.nl\/fr\/wp-json\/wp\/v2\/product_tag?post=9711"}],"curies":[{"name":"wp","href":"https:\/\/api.w.org\/{rel}","templated":true}]}}