{"id":9715,"date":"2024-11-29T09:27:37","date_gmt":"2024-11-29T08:27:37","guid":{"rendered":"https:\/\/www.bcs-europe.nl\/?post_type=product&#038;p=9715"},"modified":"2024-12-06T10:19:40","modified_gmt":"2024-12-06T09:19:40","slug":"atech-racing-performance","status":"publish","type":"product","link":"https:\/\/www.bcs-europe.nl\/fr\/produit\/autostoelen\/racekuipen-atech-racing\/atech-racing-performance\/","title":{"rendered":"Atech Racing PERFORMANCE"},"content":{"rendered":"","protected":false},"excerpt":{"rendered":"- Car\u00e9nage en fibre de verre gel\u00e9eSi\u00e8ge racing Atech taille large\r\n- Protection lat\u00e9rale de la t\u00eate (si\u00e8ge \u00e0 ailettes)\r\n- Coque profil\u00e9e avec ASS (Anatomic Shell System)\r\n- Nouvelle fente de ceinture fix\u00e9e au car\u00e9nage\r\n- Rev\u00eatement en velours\r\n- Inserts techniques\r\n- Coussin antid\u00e9rapant\r\n- 5 ouvertures pour la ceinture\r\n- Fixation lat\u00e9rale\r\n- Convient \u00e0 Hans\r\n- Poids 8,4 kg\r\n\r\nLe Performance, premier si\u00e8ge Atech Racing, est un tr\u00e8s bon compromis entre l'optimisation des dimensions des si\u00e8ges Extreme S2 et North avec une base plus large pour un corps plus grand, adapt\u00e9 aux pilotes jusqu'\u00e0 185 cm.","protected":false},"featured_media":9774,"template":"","meta":{"_acf_changed":false},"product_brand":[194],"product_cat":[191],"product_tag":[192,193],"class_list":{"0":"post-9715","1":"product","2":"type-product","3":"status-publish","4":"has-post-thumbnail","6":"product_brand-a-tech-racing","7":"product_cat-racekuipen-atech-racing","8":"product_tag-atech","9":"product_tag-motorsport","11":"first","12":"instock","13":"taxable","14":"shipping-taxable","15":"purchasable","16":"product-type-simple"},"composite_virtual":false,"composite_layout":"","composite_add_to_cart_form_location":"","composite_editable_in_cart":false,"composite_sold_individually_context":"","composite_shop_price_calc":"","composite_components":[],"composite_scenarios":[],"exclude_global_add_ons":[],"addons":[],"acf":[],"yoast_head":null,"yoast_head_json":null,"_links":{"self":[{"href":"https:\/\/www.bcs-europe.nl\/fr\/wp-json\/wp\/v2\/product\/9715","targetHints":{"allow":["GET"]}}],"collection":[{"href":"https:\/\/www.bcs-europe.nl\/fr\/wp-json\/wp\/v2\/product"}],"about":[{"href":"https:\/\/www.bcs-europe.nl\/fr\/wp-json\/wp\/v2\/types\/product"}],"wp:featuredmedia":[{"embeddable":true,"href":"https:\/\/www.bcs-europe.nl\/fr\/wp-json\/wp\/v2\/media\/9774"}],"wp:attachment":[{"href":"https:\/\/www.bcs-europe.nl\/fr\/wp-json\/wp\/v2\/media?parent=9715"}],"wp:term":[{"taxonomy":"product_brand","embeddable":true,"href":"https:\/\/www.bcs-europe.nl\/fr\/wp-json\/wp\/v2\/product_brand?post=9715"},{"taxonomy":"product_cat","embeddable":true,"href":"https:\/\/www.bcs-europe.nl\/fr\/wp-json\/wp\/v2\/product_cat?post=9715"},{"taxonomy":"product_tag","embeddable":true,"href":"https:\/\/www.bcs-europe.nl\/fr\/wp-json\/wp\/v2\/product_tag?post=9715"}],"curies":[{"name":"wp","href":"https:\/\/api.w.org\/{rel}","templated":true}]}}