{"id":9723,"date":"2024-11-29T09:56:53","date_gmt":"2024-11-29T08:56:53","guid":{"rendered":"https:\/\/www.bcs-europe.nl\/?post_type=product&#038;p=9723"},"modified":"2024-12-06T10:41:24","modified_gmt":"2024-12-06T09:41:24","slug":"atech-racing-cross","status":"publish","type":"product","link":"https:\/\/www.bcs-europe.nl\/fr\/produit\/autostoelen\/racekuipen-atech-racing\/atech-racing-cross\/","title":{"rendered":"Atech Racing CROSS"},"content":{"rendered":"","protected":false},"excerpt":{"rendered":"- Double coque en fibre de verre avec rev\u00eatement en gel \u00e0 l'int\u00e9rieur et \u00e0 l'ext\u00e9rieurSi\u00e8ge Racing Atech Taille Large\r\n- Coque profil\u00e9e avec ASS (Anatomic Shell System)\r\n- Facile \u00e0 nettoyer\r\n- 5 ouvertures pour la ceinture\r\n- Fixation lat\u00e9rale\r\n- Convient \u00e0 Hans\r\n- Poids 6,8 kg\r\n\r\nLa selle Cross Racing d'Atech Racing est id\u00e9ale pour les pilotes d'autocross et est utilis\u00e9e par de nombreux fabricants de buggy. Facile \u00e0 nettoyer gr\u00e2ce \u00e0 son double rev\u00eatement en gel et \u00e0 ses nouveaux inserts en caoutchouc am\u00e9lior\u00e9s pour plus de confort.","protected":false},"featured_media":9796,"template":"","meta":{"_acf_changed":false},"product_brand":[194],"product_cat":[191],"product_tag":[192,193],"class_list":{"0":"post-9723","1":"product","2":"type-product","3":"status-publish","4":"has-post-thumbnail","6":"product_brand-a-tech-racing","7":"product_cat-racekuipen-atech-racing","8":"product_tag-atech","9":"product_tag-motorsport","11":"first","12":"instock","13":"taxable","14":"shipping-taxable","15":"purchasable","16":"product-type-simple"},"composite_virtual":false,"composite_layout":"","composite_add_to_cart_form_location":"","composite_editable_in_cart":false,"composite_sold_individually_context":"","composite_shop_price_calc":"","composite_components":[],"composite_scenarios":[],"exclude_global_add_ons":[],"addons":[],"acf":[],"yoast_head":null,"yoast_head_json":null,"_links":{"self":[{"href":"https:\/\/www.bcs-europe.nl\/fr\/wp-json\/wp\/v2\/product\/9723","targetHints":{"allow":["GET"]}}],"collection":[{"href":"https:\/\/www.bcs-europe.nl\/fr\/wp-json\/wp\/v2\/product"}],"about":[{"href":"https:\/\/www.bcs-europe.nl\/fr\/wp-json\/wp\/v2\/types\/product"}],"wp:featuredmedia":[{"embeddable":true,"href":"https:\/\/www.bcs-europe.nl\/fr\/wp-json\/wp\/v2\/media\/9796"}],"wp:attachment":[{"href":"https:\/\/www.bcs-europe.nl\/fr\/wp-json\/wp\/v2\/media?parent=9723"}],"wp:term":[{"taxonomy":"product_brand","embeddable":true,"href":"https:\/\/www.bcs-europe.nl\/fr\/wp-json\/wp\/v2\/product_brand?post=9723"},{"taxonomy":"product_cat","embeddable":true,"href":"https:\/\/www.bcs-europe.nl\/fr\/wp-json\/wp\/v2\/product_cat?post=9723"},{"taxonomy":"product_tag","embeddable":true,"href":"https:\/\/www.bcs-europe.nl\/fr\/wp-json\/wp\/v2\/product_tag?post=9723"}],"curies":[{"name":"wp","href":"https:\/\/api.w.org\/{rel}","templated":true}]}}