{"id":9732,"date":"2024-11-29T10:10:26","date_gmt":"2024-11-29T09:10:26","guid":{"rendered":"https:\/\/www.bcs-europe.nl\/?post_type=product&#038;p=9732"},"modified":"2024-12-06T10:46:49","modified_gmt":"2024-12-06T09:46:49","slug":"atech-racing-carbon-rs7-lht","status":"publish","type":"product","link":"https:\/\/www.bcs-europe.nl\/fr\/produit\/autostoelen\/racekuipen-atech-racing\/atech-racing-carbon-rs7-lht\/","title":{"rendered":"Atech Racing CARBON RS7-LHT"},"content":{"rendered":"","protected":false},"excerpt":{"rendered":"- Car\u00e9nage en carboneSelle Atech racing taille M large\r\n- Protection lat\u00e9rale de la t\u00eate (si\u00e8ge \u00e0 oreilles)\r\n- Coque profil\u00e9e avec ASS (Anatomic Shell System)\r\n- Nouveau passage de ceinture fix\u00e9 au car\u00e9nage\r\n- Mousse absorbant les chocs\r\n- Rev\u00eatement en velours\r\n- Inserts techniques\r\n- Coussin antid\u00e9rapant\r\n- 5 emplacements pour ceinture\r\n- Fixation lat\u00e9rale\r\n- Convient \u00e0 Hans\r\n- Poids 9.750 kg\r\n- Avalis\u00e9 par la FIA pendant 10 ans\r\n\r\nLe si\u00e8ge de course Carbon RS7 d'Atech a pass\u00e9 avec succ\u00e8s les exigences et les tests rigoureux de la FIA pour \u00eatre enti\u00e8rement conforme \u00e0 la derni\u00e8re homologation FIA 8862-2009. Con\u00e7u pour la nouvelle voiture de g\u00e9n\u00e9ration, le WRC et le R5, et id\u00e9alement adapt\u00e9 aux pilotes jusqu'\u00e0 180 cm, son design ergonomique permet une grande int\u00e9gration dans les voitures.\r\n\r\nL'objectif de cette nouvelle norme de si\u00e8ge FIA 8862-2009 est d'am\u00e9liorer la r\u00e9sistance et le soutien lors des collisions par l'arri\u00e8re, ainsi que le soutien du bassin, des \u00e9paules et de la t\u00eate lors des impacts lat\u00e9raux, par rapport \u00e0 la norme FIA 8855-1999.","protected":false},"featured_media":9802,"template":"","meta":{"_acf_changed":false},"product_brand":[194],"product_cat":[191],"product_tag":[192,193],"class_list":{"0":"post-9732","1":"product","2":"type-product","3":"status-publish","4":"has-post-thumbnail","6":"product_brand-a-tech-racing","7":"product_cat-racekuipen-atech-racing","8":"product_tag-atech","9":"product_tag-motorsport","11":"first","12":"instock","13":"taxable","14":"shipping-taxable","15":"purchasable","16":"product-type-simple"},"composite_virtual":false,"composite_layout":"","composite_add_to_cart_form_location":"","composite_editable_in_cart":false,"composite_sold_individually_context":"","composite_shop_price_calc":"","composite_components":[],"composite_scenarios":[],"exclude_global_add_ons":[],"addons":[],"acf":[],"yoast_head":null,"yoast_head_json":null,"_links":{"self":[{"href":"https:\/\/www.bcs-europe.nl\/fr\/wp-json\/wp\/v2\/product\/9732","targetHints":{"allow":["GET"]}}],"collection":[{"href":"https:\/\/www.bcs-europe.nl\/fr\/wp-json\/wp\/v2\/product"}],"about":[{"href":"https:\/\/www.bcs-europe.nl\/fr\/wp-json\/wp\/v2\/types\/product"}],"wp:featuredmedia":[{"embeddable":true,"href":"https:\/\/www.bcs-europe.nl\/fr\/wp-json\/wp\/v2\/media\/9802"}],"wp:attachment":[{"href":"https:\/\/www.bcs-europe.nl\/fr\/wp-json\/wp\/v2\/media?parent=9732"}],"wp:term":[{"taxonomy":"product_brand","embeddable":true,"href":"https:\/\/www.bcs-europe.nl\/fr\/wp-json\/wp\/v2\/product_brand?post=9732"},{"taxonomy":"product_cat","embeddable":true,"href":"https:\/\/www.bcs-europe.nl\/fr\/wp-json\/wp\/v2\/product_cat?post=9732"},{"taxonomy":"product_tag","embeddable":true,"href":"https:\/\/www.bcs-europe.nl\/fr\/wp-json\/wp\/v2\/product_tag?post=9732"}],"curies":[{"name":"wp","href":"https:\/\/api.w.org\/{rel}","templated":true}]}}