{"id":9738,"date":"2024-11-29T10:34:41","date_gmt":"2024-11-29T09:34:41","guid":{"rendered":"https:\/\/www.bcs-europe.nl\/?post_type=product&#038;p=9738"},"modified":"2024-12-06T10:39:43","modified_gmt":"2024-12-06T09:39:43","slug":"atech-racing-at-cm","status":"publish","type":"product","link":"https:\/\/www.bcs-europe.nl\/fr\/produit\/autostoelen\/racekuipen-atech-racing\/atech-racing-at-cm\/","title":{"rendered":"Atech Racing AT-CM"},"content":{"rendered":"","protected":false},"excerpt":{"rendered":"- Coque d'assise ultral\u00e9g\u00e8re en fibre de carbone\r\n- Protection lat\u00e9rale de la t\u00eate (si\u00e8ge \u00e0 ailettes) recouverte d'un mat\u00e9riau d'absorption d'\u00e9nergie de pointe.\r\n- Confort garanti par la conception unique de la coque avec le syst\u00e8me ASS (Anatomic Shell System)\r\n- Rev\u00eatement ignifuge avec tissu 3D air\r\n- Poids 9,30 kg (poids de la coque)\r\n- Convient aux pilotes mesurant entre 175 et 185 cm\r\n- Valable 10 ans\r\n- Supports en acier haute r\u00e9sistance approuv\u00e9s par la FIA - disponibles s\u00e9par\u00e9ment\r\nLe tout nouveau si\u00e8ge AT-CM est le tout premier produit approuv\u00e9 selon les normes FIA 8855-2021. Ce mod\u00e8le de si\u00e8ge de course \u00e0 haute r\u00e9sistance place la barre de qualit\u00e9 plus haut que l'ancienne g\u00e9n\u00e9ration de si\u00e8ges FIA 8855. De plus, la norme FIA 8855-2021 garantit que les performances du si\u00e8ge sont comparables \u00e0 celles des si\u00e8ges de la norme 8862-2009, mais \u00e0 une fraction du prix.","protected":false},"featured_media":9793,"template":"","meta":{"_acf_changed":false},"product_brand":[194],"product_cat":[191],"product_tag":[192,193],"class_list":{"0":"post-9738","1":"product","2":"type-product","3":"status-publish","4":"has-post-thumbnail","6":"product_brand-a-tech-racing","7":"product_cat-racekuipen-atech-racing","8":"product_tag-atech","9":"product_tag-motorsport","11":"first","12":"instock","13":"taxable","14":"shipping-taxable","15":"purchasable","16":"product-type-simple"},"composite_virtual":false,"composite_layout":"","composite_add_to_cart_form_location":"","composite_editable_in_cart":false,"composite_sold_individually_context":"","composite_shop_price_calc":"","composite_components":[],"composite_scenarios":[],"exclude_global_add_ons":[],"addons":[],"acf":[],"yoast_head":null,"yoast_head_json":null,"_links":{"self":[{"href":"https:\/\/www.bcs-europe.nl\/fr\/wp-json\/wp\/v2\/product\/9738","targetHints":{"allow":["GET"]}}],"collection":[{"href":"https:\/\/www.bcs-europe.nl\/fr\/wp-json\/wp\/v2\/product"}],"about":[{"href":"https:\/\/www.bcs-europe.nl\/fr\/wp-json\/wp\/v2\/types\/product"}],"wp:featuredmedia":[{"embeddable":true,"href":"https:\/\/www.bcs-europe.nl\/fr\/wp-json\/wp\/v2\/media\/9793"}],"wp:attachment":[{"href":"https:\/\/www.bcs-europe.nl\/fr\/wp-json\/wp\/v2\/media?parent=9738"}],"wp:term":[{"taxonomy":"product_brand","embeddable":true,"href":"https:\/\/www.bcs-europe.nl\/fr\/wp-json\/wp\/v2\/product_brand?post=9738"},{"taxonomy":"product_cat","embeddable":true,"href":"https:\/\/www.bcs-europe.nl\/fr\/wp-json\/wp\/v2\/product_cat?post=9738"},{"taxonomy":"product_tag","embeddable":true,"href":"https:\/\/www.bcs-europe.nl\/fr\/wp-json\/wp\/v2\/product_tag?post=9738"}],"curies":[{"name":"wp","href":"https:\/\/api.w.org\/{rel}","templated":true}]}}